{"id":1160,"date":"2023-02-09T11:25:48","date_gmt":"2023-02-09T10:25:48","guid":{"rendered":"https:\/\/www.epikfilm.com\/?page_id=1160"},"modified":"2023-02-21T06:56:08","modified_gmt":"2023-02-21T05:56:08","slug":"roj-hajo","status":"publish","type":"page","link":"https:\/\/www.epikfilm.com\/en\/team\/roj-hajo\/","title":{"rendered":"Roj Hajo"},"content":{"rendered":"<div class=\"is-layout-flex wp-container-3 wp-block-columns team-member-header team-member-image\">\n<div class=\"is-layout-flow wp-block-column\" style=\"flex-basis:33.33%\">\n<figure class=\"wp-block-image size-large\"><img decoding=\"async\" loading=\"lazy\" width=\"1024\" height=\"1024\" src=\"https:\/\/www.epikfilm.com\/wp-content\/uploads\/2023\/02\/Roj-Hajo-1024x1024.png\" alt=\"\" class=\"wp-image-1324\" srcset=\"https:\/\/www.epikfilm.com\/wp-content\/uploads\/2023\/02\/Roj-Hajo-1024x1024.png 1024w, https:\/\/www.epikfilm.com\/wp-content\/uploads\/2023\/02\/Roj-Hajo-300x300.png 300w, https:\/\/www.epikfilm.com\/wp-content\/uploads\/2023\/02\/Roj-Hajo-150x150.png 150w, https:\/\/www.epikfilm.com\/wp-content\/uploads\/2023\/02\/Roj-Hajo-768x769.png 768w, https:\/\/www.epikfilm.com\/wp-content\/uploads\/2023\/02\/Roj-Hajo-1534x1536.png 1534w, https:\/\/www.epikfilm.com\/wp-content\/uploads\/2023\/02\/Roj-Hajo-12x12.png 12w, https:\/\/www.epikfilm.com\/wp-content\/uploads\/2023\/02\/Roj-Hajo.png 1770w\" sizes=\"(max-width: 1024px) 100vw, 1024px\" \/><\/figure>\n<\/div>\n\n\n\n<div class=\"is-layout-flow wp-block-column is-vertically-aligned-center\" style=\"flex-basis:66.66%\">\n<p class=\"big-name has-large-font-size\"><strong>Roj Hajo<\/strong><\/p>\n\n\n\n<p>Producer<br>hajo@epikfilm.com<\/p>\n<\/div>\n<\/div>\n\n\n\n<div class=\"is-layout-flex wp-container-6 wp-block-columns member-details-single\">\n<div class=\"is-layout-flow wp-block-column\" style=\"flex-basis:33.33%\">\n<p class=\"main-color member-films\">Filmography <\/p>\n\n\n\n<p>2023<br><strong>\u00abIm Toten Winkel\u00bb<\/strong><br>feature | production coordination |<br>m\u00eetosfilm<br>WDR, ARTE<\/p>\n\n\n\n<p>2022<br><strong>\u00abIraqi Soccer\u00bb<\/strong><br>documentary | line producer |<br>Jupiter entertainment, m\u00eetosfilm<br>Redbull TV<\/p>\n\n\n\n<p>2021<br><strong>\u00abBagdad Messi\u00bb<\/strong><br>feature | line producer |<br>A-Team Productions, m\u00eetosfilm<br>Wildbunch<\/p>\n\n\n\n<p>2021<br><strong>\u00abThe Bride\u00bb<\/strong><br>feature | line producer |<br>FAUX- Edi\u00e7\u00f5es e Audiovisuais, m\u00eetosfilm<br>les films d&#8217;ici (France)<\/p>\n\n\n\n<p>2021<br><strong>\u00abThe Rain Bride\u00bb<\/strong><br>feature | post prod. supervisor |<br>KRG, m\u00eetosfilm<br>KRG Culture Ministry<\/p>\n\n\n\n<p>2019<br><strong>\u00abNacht \u00fcber Kepler 452b\u00bb<\/strong><br>documentary short | production manager |<br>Film University of Babelsberg<\/p>\n<\/div>\n\n\n\n<div class=\"is-layout-flow wp-block-column\" style=\"flex-basis:66.66%\">\n<p>Roj Hajo studied film and television production at the Film University of Babelsberg and graduated with the international film <strong>\u00ab<\/strong>Bagdad Messi<strong>\u00bb<\/strong> by Sahim Omar Khalifa. In 2021 Hajo worked as line producer for the Portuguese film <strong>\u00ab<\/strong>The Bride<strong>\u00bb<\/strong> by S\u00e9rgio Tr\u00e9faut, which was filmed in Iraq (KRI). In 2022 Hajo became CEO of Berlin production company m\u00eetosfilm and joined epikfilm as a producer.<\/p>\n<\/div>\n<\/div>\n\n\n\n<div class=\"is-layout-flex wp-container-9 wp-block-columns member-row\">\n<div class=\"is-layout-flow wp-block-column\" style=\"flex-basis:66.66%\">\n<div class=\"wp-block-media-text alignwide is-stacked-on-mobile team-member-image\" style=\"grid-template-columns:36% auto\"><figure class=\"wp-block-media-text__media\"><a href=\"https:\/\/www.epikfilm.com\/en\/team\/hu%cc%88seyin-tabak\/\"><img decoding=\"async\" loading=\"lazy\" width=\"600\" height=\"600\" src=\"http:\/\/www.epikfilm.com\/wp-content\/uploads\/2020\/04\/H\u00fcseyinTabak.png\" alt=\"\" class=\"wp-image-612 size-full\" srcset=\"https:\/\/www.epikfilm.com\/wp-content\/uploads\/2020\/04\/H\u00fcseyinTabak.png 600w, https:\/\/www.epikfilm.com\/wp-content\/uploads\/2020\/04\/H\u00fcseyinTabak-300x300.png 300w, https:\/\/www.epikfilm.com\/wp-content\/uploads\/2020\/04\/H\u00fcseyinTabak-150x150.png 150w\" sizes=\"(max-width: 600px) 100vw, 600px\" \/><\/a><\/figure><div class=\"wp-block-media-text__content\">\n<p class=\"big-name has-large-font-size\"><strong><a href=\"https:\/\/www.epikfilm.com\/en\/team\/hu%cc%88seyin-tabak\/\">Hu\u0308seyin Tabak<\/a><\/strong><\/p>\n\n\n\n<p class=\"dense-p\"><a href=\"https:\/\/www.epikfilm.com\/en\/team\/hu%cc%88seyin-tabak\/\">CEO, director and writer <br>office@epikfilm.com<\/a><\/p>\n<\/div><\/div>\n<\/div>\n\n\n\n<div class=\"is-layout-flow wp-block-column\" style=\"flex-basis:33.33%\"><\/div>\n<\/div>\n\n\n\n<div class=\"is-layout-flex wp-container-12 wp-block-columns member-row\">\n<div class=\"is-layout-flow wp-block-column\" style=\"flex-basis:66.66%\">\n<div class=\"wp-block-media-text alignwide is-stacked-on-mobile team-member-image\" style=\"grid-template-columns:36% auto\"><figure class=\"wp-block-media-text__media\"><a href=\"https:\/\/www.epikfilm.com\/en\/team\/mehmet-aktas\/\"><img decoding=\"async\" loading=\"lazy\" width=\"600\" height=\"600\" src=\"http:\/\/www.epikfilm.com\/wp-content\/uploads\/2020\/04\/MehmetAktas.png\" alt=\"\" class=\"wp-image-610 size-full\" srcset=\"https:\/\/www.epikfilm.com\/wp-content\/uploads\/2020\/04\/MehmetAktas.png 600w, https:\/\/www.epikfilm.com\/wp-content\/uploads\/2020\/04\/MehmetAktas-300x300.png 300w, https:\/\/www.epikfilm.com\/wp-content\/uploads\/2020\/04\/MehmetAktas-150x150.png 150w\" sizes=\"(max-width: 600px) 100vw, 600px\" \/><\/a><\/figure><div class=\"wp-block-media-text__content\">\n<p class=\"big-name has-large-font-size\"><strong><a href=\"https:\/\/www.epikfilm.com\/en\/team\/mehmet-aktas\/\">Mehmet Akta\u015f<\/a><\/strong><\/p>\n\n\n\n<p class=\"dense-p\"><a href=\"https:\/\/www.epikfilm.com\/en\/team\/mehmet-aktas\/\">Writer and producer <br>office@epikfilm.com<\/a><\/p>\n<\/div><\/div>\n<\/div>\n\n\n\n<div class=\"is-layout-flow wp-block-column\" style=\"flex-basis:33.33%\"><\/div>\n<\/div>\n\n\n\n<div class=\"is-layout-flex wp-container-15 wp-block-columns member-row\">\n<div class=\"is-layout-flow wp-block-column\" style=\"flex-basis:66.66%\">\n<div class=\"wp-block-media-text alignwide is-stacked-on-mobile team-member-image\" style=\"grid-template-columns:36% auto\"><figure class=\"wp-block-media-text__media\"><a href=\"https:\/\/www.epikfilm.com\/en\/team\/kathrin-rodemeier\/\"><img decoding=\"async\" loading=\"lazy\" width=\"600\" height=\"600\" src=\"http:\/\/www.epikfilm.com\/wp-content\/uploads\/2020\/04\/KathrinRodemeier.png\" alt=\"\" class=\"wp-image-613 size-full\" srcset=\"https:\/\/www.epikfilm.com\/wp-content\/uploads\/2020\/04\/KathrinRodemeier.png 600w, https:\/\/www.epikfilm.com\/wp-content\/uploads\/2020\/04\/KathrinRodemeier-300x300.png 300w, https:\/\/www.epikfilm.com\/wp-content\/uploads\/2020\/04\/KathrinRodemeier-150x150.png 150w\" sizes=\"(max-width: 600px) 100vw, 600px\" \/><\/a><\/figure><div class=\"wp-block-media-text__content\">\n<p class=\"big-name has-large-font-size\"><strong><a href=\"https:\/\/www.epikfilm.com\/en\/team\/kathrin-rodemeier\/\">Kathrin Rodemeier<\/a><\/strong><\/p>\n\n\n\n<p class=\"dense-p\"><a href=\"https:\/\/www.epikfilm.com\/en\/team\/kathrin-rodemeier\/\">Producer <br>rodemeier@epikfilm.com<\/a><\/p>\n<\/div><\/div>\n<\/div>\n\n\n\n<div class=\"is-layout-flow wp-block-column\" style=\"flex-basis:33.33%\"><\/div>\n<\/div>\n\n\n\n<div class=\"is-layout-flex wp-container-18 wp-block-columns member-row\">\n<div class=\"is-layout-flow wp-block-column\" style=\"flex-basis:66.66%\">\n<div class=\"wp-block-media-text alignwide is-stacked-on-mobile team-member-image\" style=\"grid-template-columns:36% auto\"><figure class=\"wp-block-media-text__media\"><a href=\"https:\/\/www.epikfilm.com\/en\/team\/anna-splinter\/\"><img decoding=\"async\" loading=\"lazy\" width=\"600\" height=\"600\" src=\"http:\/\/www.epikfilm.com\/wp-content\/uploads\/2020\/04\/AnnaSplinter-copy.png\" alt=\"\" class=\"wp-image-611 size-full\" srcset=\"https:\/\/www.epikfilm.com\/wp-content\/uploads\/2020\/04\/AnnaSplinter-copy.png 600w, https:\/\/www.epikfilm.com\/wp-content\/uploads\/2020\/04\/AnnaSplinter-copy-300x300.png 300w, https:\/\/www.epikfilm.com\/wp-content\/uploads\/2020\/04\/AnnaSplinter-copy-150x150.png 150w\" sizes=\"(max-width: 600px) 100vw, 600px\" \/><\/a><\/figure><div class=\"wp-block-media-text__content\">\n<p class=\"big-name has-large-font-size\"><strong><a href=\"https:\/\/www.epikfilm.com\/en\/team\/anna-splinter\/\">Anna Splinter<\/a><\/strong><\/p>\n\n\n\n<p class=\"dense-p\"><a href=\"https:\/\/www.epikfilm.com\/en\/team\/anna-splinter\/\">Junior Producer<br>splinter@epikfilm.com<\/a><\/p>\n<\/div><\/div>\n<\/div>\n\n\n\n<div class=\"is-layout-flow wp-block-column\" style=\"flex-basis:33.33%\"><\/div>\n<\/div>\n\n\n\n<div class=\"is-layout-flex wp-container-21 wp-block-columns member-row\">\n<div class=\"is-layout-flow wp-block-column\" style=\"flex-basis:66.66%\">\n<div class=\"wp-block-media-text alignwide is-stacked-on-mobile team-member-image\" style=\"grid-template-columns:36% auto\"><figure class=\"wp-block-media-text__media\"><a href=\"https:\/\/www.epikfilm.com\/en\/team\/alexander-bohr\/\"><img decoding=\"async\" loading=\"lazy\" width=\"1024\" height=\"1024\" src=\"https:\/\/www.epikfilm.com\/wp-content\/uploads\/2023\/02\/Alexander-Bohr-1024x1024.png\" alt=\"\" class=\"wp-image-1325 size-full\" srcset=\"https:\/\/www.epikfilm.com\/wp-content\/uploads\/2023\/02\/Alexander-Bohr-1024x1024.png 1024w, https:\/\/www.epikfilm.com\/wp-content\/uploads\/2023\/02\/Alexander-Bohr-300x300.png 300w, https:\/\/www.epikfilm.com\/wp-content\/uploads\/2023\/02\/Alexander-Bohr-150x150.png 150w, https:\/\/www.epikfilm.com\/wp-content\/uploads\/2023\/02\/Alexander-Bohr-768x767.png 768w, https:\/\/www.epikfilm.com\/wp-content\/uploads\/2023\/02\/Alexander-Bohr-1536x1534.png 1536w, https:\/\/www.epikfilm.com\/wp-content\/uploads\/2023\/02\/Alexander-Bohr-12x12.png 12w, https:\/\/www.epikfilm.com\/wp-content\/uploads\/2023\/02\/Alexander-Bohr.png 1771w\" sizes=\"(max-width: 1024px) 100vw, 1024px\" \/><\/a><\/figure><div class=\"wp-block-media-text__content\">\n<p class=\"big-name has-large-font-size\"><a href=\"https:\/\/www.epikfilm.com\/en\/team\/alexander-bohr\/\"><strong>Alexander Bohr<\/strong><\/a><\/p>\n\n\n\n<p><a href=\"https:\/\/www.epikfilm.com\/en\/team\/alexander-bohr\/\">Dramaturg, Production Consultant<br>Cinema<br>office@epikfilm.com<\/a><\/p>\n<\/div><\/div>\n<\/div>\n\n\n\n<div class=\"is-layout-flow wp-block-column\" style=\"flex-basis:33.33%\"><\/div>\n<\/div>\n\n\n\n<div class=\"is-layout-flex wp-container-24 wp-block-columns member-row\">\n<div class=\"is-layout-flow wp-block-column\" style=\"flex-basis:66.66%\">\n<div class=\"wp-block-media-text alignwide is-stacked-on-mobile team-member-image\" style=\"grid-template-columns:36% auto\"><figure class=\"wp-block-media-text__media\"><a href=\"https:\/\/www.epikfilm.com\/en\/team\/gamze-tabak\/\"><img decoding=\"async\" loading=\"lazy\" width=\"1024\" height=\"1024\" src=\"https:\/\/www.epikfilm.com\/wp-content\/uploads\/2023\/02\/Gamze-Tabak-1024x1024.png\" alt=\"\" class=\"wp-image-1326 size-full\" srcset=\"https:\/\/www.epikfilm.com\/wp-content\/uploads\/2023\/02\/Gamze-Tabak-1024x1024.png 1024w, https:\/\/www.epikfilm.com\/wp-content\/uploads\/2023\/02\/Gamze-Tabak-300x300.png 300w, https:\/\/www.epikfilm.com\/wp-content\/uploads\/2023\/02\/Gamze-Tabak-150x150.png 150w, https:\/\/www.epikfilm.com\/wp-content\/uploads\/2023\/02\/Gamze-Tabak-768x769.png 768w, https:\/\/www.epikfilm.com\/wp-content\/uploads\/2023\/02\/Gamze-Tabak-1534x1536.png 1534w, https:\/\/www.epikfilm.com\/wp-content\/uploads\/2023\/02\/Gamze-Tabak-12x12.png 12w, https:\/\/www.epikfilm.com\/wp-content\/uploads\/2023\/02\/Gamze-Tabak.png 1770w\" sizes=\"(max-width: 1024px) 100vw, 1024px\" \/><\/a><\/figure><div class=\"wp-block-media-text__content\">\n<p class=\"big-name has-large-font-size\"><a href=\"https:\/\/www.epikfilm.com\/en\/team\/gamze-tabak\/\"><strong>Gamze Tabak<\/strong><\/a><\/p>\n\n\n\n<p><a href=\"https:\/\/www.epikfilm.com\/en\/team\/gamze-tabak\/\" data-type=\"page\" data-id=\"1174\">Accounting<br>gtabak@epikfilm.com<\/a><\/p>\n<\/div><\/div>\n<\/div>\n\n\n\n<div class=\"is-layout-flow wp-block-column\" style=\"flex-basis:33.33%\"><\/div>\n<\/div>","protected":false},"excerpt":{"rendered":"<p>Roj Hajo Producerhajo@epikfilm.com Filmografie 2023\u00abIm Toten Winkel\u00bbSpielfilm | Produktionskoordinator |m\u00eetosfilmWDR, ARTE 2022\u00abIraqi Soccer\u00bbDokumentation | Line Producer |Jupiter entertainment, m\u00eetosfilmRedbull TV 2021\u00abBagdad Messi\u00bbSpielfilm | Line Producer |A-Team Productions, m\u00eetosfilmWildbunch 2021\u00abThe Bride\u00bbSpielfilm | Line Producer |FAUX- Edi\u00e7\u00f5es e Audiovisuais, m\u00eetosfilmles films d&#8217;ici (France) 2021\u00abThe Rain Bride\u00bbSpielfilm | Post Prod. Supervisor |KRG, m\u00eetosfilmKRG Culture Ministry 2019\u00abNacht \u00fcber Kepler [&hellip;]<\/p>","protected":false},"author":3,"featured_media":0,"parent":506,"menu_order":0,"comment_status":"closed","ping_status":"closed","template":"","meta":[],"_links":{"self":[{"href":"https:\/\/www.epikfilm.com\/en\/wp-json\/wp\/v2\/pages\/1160"}],"collection":[{"href":"https:\/\/www.epikfilm.com\/en\/wp-json\/wp\/v2\/pages"}],"about":[{"href":"https:\/\/www.epikfilm.com\/en\/wp-json\/wp\/v2\/types\/page"}],"author":[{"embeddable":true,"href":"https:\/\/www.epikfilm.com\/en\/wp-json\/wp\/v2\/users\/3"}],"replies":[{"embeddable":true,"href":"https:\/\/www.epikfilm.com\/en\/wp-json\/wp\/v2\/comments?post=1160"}],"version-history":[{"count":8,"href":"https:\/\/www.epikfilm.com\/en\/wp-json\/wp\/v2\/pages\/1160\/revisions"}],"predecessor-version":[{"id":1383,"href":"https:\/\/www.epikfilm.com\/en\/wp-json\/wp\/v2\/pages\/1160\/revisions\/1383"}],"up":[{"embeddable":true,"href":"https:\/\/www.epikfilm.com\/en\/wp-json\/wp\/v2\/pages\/506"}],"wp:attachment":[{"href":"https:\/\/www.epikfilm.com\/en\/wp-json\/wp\/v2\/media?parent=1160"}],"curies":[{"name":"wp","href":"https:\/\/api.w.org\/{rel}","templated":true}]}}